{"id":168,"date":"2015-01-29T01:14:30","date_gmt":"2015-01-28T23:14:30","guid":{"rendered":"http:\/\/photography.scheiker.de\/?page_id=168"},"modified":"2015-01-29T11:15:41","modified_gmt":"2015-01-29T09:15:41","slug":"tapfere-knirpse","status":"publish","type":"page","link":"https:\/\/photography.scheiker.de\/?page_id=168","title":{"rendered":"Tapfere Knirpse"},"content":{"rendered":"<p><strong><em>Das Leben l\u00e4uft nicht immer nach dem perfekten Plan ab.<br \/>\n<\/em><\/strong><\/p>\n<div id=\"attachment_177\" style=\"width: 970px\" class=\"wp-caption alignleft\"><a href=\"http:\/\/photography.scheiker.de\/wp-content\/uploads\/2015\/01\/20140928_TS__DSC9012_Noah.jpg\"><img loading=\"lazy\" decoding=\"async\" aria-describedby=\"caption-attachment-177\" class=\"size-full wp-image-177\" src=\"http:\/\/photography.scheiker.de\/wp-content\/uploads\/2015\/01\/20140928_TS__DSC9012_Noah.jpg\" alt=\"Noah\" width=\"960\" height=\"636\" srcset=\"https:\/\/photography.scheiker.de\/wp-content\/uploads\/2015\/01\/20140928_TS__DSC9012_Noah.jpg 960w, https:\/\/photography.scheiker.de\/wp-content\/uploads\/2015\/01\/20140928_TS__DSC9012_Noah-600x398.jpg 600w, https:\/\/photography.scheiker.de\/wp-content\/uploads\/2015\/01\/20140928_TS__DSC9012_Noah-300x199.jpg 300w\" sizes=\"auto, (max-width: 960px) 100vw, 960px\" \/><\/a><p id=\"caption-attachment-177\" class=\"wp-caption-text\">Noah<\/p><\/div>\n<p>Es ist der erste Satz auf der Internetseite der <a title=\"Tapfere Knirpse\" href=\"http:\/\/www.tapfere-knirpse.de\" target=\"_blank\">Tapferen Knirpse<\/a> und das trifft es eigentlich auch auf den Punkt. Bei den Tapferen Knirpsen handelt es sich um einen Verein\u00a0der aus Fotografen besteht und der es sich zur Aufgabe gemacht hat Familien mit kranken oder behinderten Kindern mit guten Fotos Freude zu machen.\u00a0Das alles ist f\u00fcr die Familien nat\u00fcrlich kostenlos.<\/p>\n<p>F\u00fcr mich als Fotograf in diesem Verein ist es eine wunderbare M\u00f6glichkeit den Menschen zu helfen, die vom Leben nicht so reich beschenkt wurden. Inzwischen hatte ich vier Eins\u00e4tze f\u00fcr den Verein und freue mich schon auf die noch kommenden. Es ist einfach ein unglaubliches Gef\u00fchl zu erleben wie die Familien sich freuen wenn Sie die Bilder bekommen, die so unter kommerziellen Gesichtspunkten nie entstanden w\u00e4ren.<\/p>\n<p>Hier sind ein paar Bilder meiner Eins\u00e4tze auf meinem Blog zu sehen:<\/p>\n<p><a title=\"Einsatz bei Noah\" href=\"http:\/\/blog.scheiker.de\/?p=1085\" target=\"_blank\">4. Einsatz bei Noah<br \/>\n<\/a><a title=\"Einsatz bei Leon\" href=\"http:\/\/blog.scheiker.de\/?p=891\" target=\"_blank\">3. Einsatz bei Leon<\/a><br \/>\n<a title=\"Einsatz bei Jannik\" href=\"http:\/\/blog.scheiker.de\/?p=693\" target=\"_blank\">2. Einsatz bei Jannik<\/a><br \/>\n<a title=\"Einsatz bei Vittorio\" href=\"http:\/\/blog.scheiker.de\/?cat=73\" target=\"_blank\">1. Einsatz bei Vittorio<\/a><br \/>\n<iframe loading=\"lazy\" src=\"\/\/www.youtube.com\/embed\/1Gb1DhDr694\" width=\"560\" height=\"315\" frameborder=\"0\" allowfullscreen=\"allowfullscreen\"><\/iframe><\/p>\n","protected":false},"excerpt":{"rendered":"<p>Das Leben l\u00e4uft nicht immer nach dem perfekten Plan ab. Es ist der erste Satz auf der Internetseite der Tapferen Knirpse und das trifft es eigentlich auch auf den Punkt. Bei den Tapferen Knirpsen handelt es sich um einen Verein\u00a0der aus Fotografen besteht und der [&hellip;]<\/p>\n","protected":false},"author":1,"featured_media":0,"parent":0,"menu_order":0,"comment_status":"open","ping_status":"open","template":"","meta":{"footnotes":""},"class_list":["post-168","page","type-page","status-publish","hentry"],"_links":{"self":[{"href":"https:\/\/photography.scheiker.de\/index.php?rest_route=\/wp\/v2\/pages\/168","targetHints":{"allow":["GET"]}}],"collection":[{"href":"https:\/\/photography.scheiker.de\/index.php?rest_route=\/wp\/v2\/pages"}],"about":[{"href":"https:\/\/photography.scheiker.de\/index.php?rest_route=\/wp\/v2\/types\/page"}],"author":[{"embeddable":true,"href":"https:\/\/photography.scheiker.de\/index.php?rest_route=\/wp\/v2\/users\/1"}],"replies":[{"embeddable":true,"href":"https:\/\/photography.scheiker.de\/index.php?rest_route=%2Fwp%2Fv2%2Fcomments&post=168"}],"version-history":[{"count":11,"href":"https:\/\/photography.scheiker.de\/index.php?rest_route=\/wp\/v2\/pages\/168\/revisions"}],"predecessor-version":[{"id":185,"href":"https:\/\/photography.scheiker.de\/index.php?rest_route=\/wp\/v2\/pages\/168\/revisions\/185"}],"wp:attachment":[{"href":"https:\/\/photography.scheiker.de\/index.php?rest_route=%2Fwp%2Fv2%2Fmedia&parent=168"}],"curies":[{"name":"wp","href":"https:\/\/api.w.org\/{rel}","templated":true}]}}