{"id":20,"date":"2014-12-20T11:15:42","date_gmt":"2014-12-20T09:15:42","guid":{"rendered":"http:\/\/photography.scheiker.de\/?page_id=20"},"modified":"2024-02-16T18:25:32","modified_gmt":"2024-02-16T16:25:32","slug":"impressum","status":"publish","type":"page","link":"https:\/\/photography.scheiker.de\/?page_id=20","title":{"rendered":"Impressum"},"content":{"rendered":"<p>Thomas Scheiker<br \/>\nAm Limberg 85<br \/>\n46240 Bottrop<\/p>\n<p>+49 (0) 152 &#8211; 093 833 87<\/p>\n<p>E-Mail: tom(at)scheiker(dot)de<br \/>\nInternet: www.scheiker.de ; http:\/\/blog.scheiker.de; http:\/\/photography.scheiker.de; http:\/\/clients.scheiker.de<\/p>\n<p>Inhaltlich Verantwortlich gem\u00e4\u00df \u00a7 10 Absatz 3 MDStV: Thomas Scheiker<\/p>\n<p>Haftungshinweis: Trotz sorgf\u00e4ltiger inhaltlicher Kontrolle \u00fcbernehme ich keine Haftung f\u00fcr die Inhalte externer Links. F\u00fcr den Inhalt der verlinkten Seiten sind ausschliesslich deren Betreiber verantwortlich.<\/p>\n<p><a title=\"Datenschutz\" href=\"http:\/\/photography.scheiker.de\/?page_id=577\">Hinweise zum Datenschutz<\/a><\/p>\n","protected":false},"excerpt":{"rendered":"<p>Thomas Scheiker Am Limberg 85 46240 Bottrop +49 (0) 152 &#8211; 093 833 87 E-Mail: tom(at)scheiker(dot)de Internet: www.scheiker.de ; http:\/\/blog.scheiker.de; http:\/\/photography.scheiker.de; http:\/\/clients.scheiker.de Inhaltlich Verantwortlich gem\u00e4\u00df \u00a7 10 Absatz 3 MDStV: Thomas Scheiker Haftungshinweis: Trotz sorgf\u00e4ltiger inhaltlicher Kontrolle \u00fcbernehme ich keine Haftung f\u00fcr die Inhalte externer [&hellip;]<\/p>\n","protected":false},"author":1,"featured_media":91,"parent":0,"menu_order":0,"comment_status":"open","ping_status":"open","template":"","meta":{"footnotes":""},"class_list":["post-20","page","type-page","status-publish","has-post-thumbnail","hentry"],"_links":{"self":[{"href":"https:\/\/photography.scheiker.de\/index.php?rest_route=\/wp\/v2\/pages\/20","targetHints":{"allow":["GET"]}}],"collection":[{"href":"https:\/\/photography.scheiker.de\/index.php?rest_route=\/wp\/v2\/pages"}],"about":[{"href":"https:\/\/photography.scheiker.de\/index.php?rest_route=\/wp\/v2\/types\/page"}],"author":[{"embeddable":true,"href":"https:\/\/photography.scheiker.de\/index.php?rest_route=\/wp\/v2\/users\/1"}],"replies":[{"embeddable":true,"href":"https:\/\/photography.scheiker.de\/index.php?rest_route=%2Fwp%2Fv2%2Fcomments&post=20"}],"version-history":[{"count":7,"href":"https:\/\/photography.scheiker.de\/index.php?rest_route=\/wp\/v2\/pages\/20\/revisions"}],"predecessor-version":[{"id":825,"href":"https:\/\/photography.scheiker.de\/index.php?rest_route=\/wp\/v2\/pages\/20\/revisions\/825"}],"wp:featuredmedia":[{"embeddable":true,"href":"https:\/\/photography.scheiker.de\/index.php?rest_route=\/wp\/v2\/media\/91"}],"wp:attachment":[{"href":"https:\/\/photography.scheiker.de\/index.php?rest_route=%2Fwp%2Fv2%2Fmedia&parent=20"}],"curies":[{"name":"wp","href":"https:\/\/api.w.org\/{rel}","templated":true}]}}