{"id":909,"date":"2026-01-21T20:34:09","date_gmt":"2026-01-21T18:34:09","guid":{"rendered":"https:\/\/photography.scheiker.de\/?page_id=909"},"modified":"2026-01-25T20:50:53","modified_gmt":"2026-01-25T18:50:53","slug":"preise-valentines-deluxe-2026","status":"publish","type":"page","link":"https:\/\/photography.scheiker.de\/?page_id=909","title":{"rendered":"Valentine\u00b4s Deluxe 2026 \u2013 Pakete &amp; Preise"},"content":{"rendered":"\n<h2 class=\"wp-block-heading\">Aktion nur bis zum 13.02.2026 &#8222;Valentines Deluxe&#8220;<\/h2>\n\n\n\n<hr class=\"wp-block-separator has-alpha-channel-opacity\"\/>\n\n\n\n<p><strong>Paket 1 \u2013&nbsp;<em>\u201eSweet Moments\u201c<\/em>&nbsp;(Einsteigerpaket)<\/strong><\/p>\n\n\n\n<p><strong>Dauer:<\/strong>&nbsp;30 Minuten<br><strong>Inhalt:<\/strong><\/p>\n\n\n\n<ul class=\"wp-block-list\">\n<li>1 Location (z. B. Park, Innenstadt, Homeshooting, &#8230;)<\/li>\n\n\n\n<li>10 professionell bearbeitete Fotos in digitaler Galerie<\/li>\n\n\n\n<li>Auswahl aus 1 Outfitwechseln<\/li>\n\n\n\n<li>einfache Lichtsetzung \/ Available Light (Outdoor)<br><strong>Preis:<\/strong>&nbsp;<strong>\u20ac120 \u2013 \u20ac150<\/strong><br><strong>Zusatzoptionen:<\/strong><\/li>\n\n\n\n<li>+10 \u20ac pro weiteres digitales Foto<\/li>\n\n\n\n<li>+20 \u20ac\/Meter f\u00fcr Studio-Hintergrund (falls m\u00f6glich)<\/li>\n<\/ul>\n\n\n\n<hr class=\"wp-block-separator has-alpha-channel-opacity\"\/>\n\n\n\n<h4 class=\"wp-block-heading\">Paket 2 \u2013&nbsp;<em>\u201eRomance Story\u201c<\/em>&nbsp;(Standardpaket)<\/h4>\n\n\n\n<p><strong>Dauer:<\/strong>&nbsp;60 Minuten<br><strong>Inhalt:<\/strong><\/p>\n\n\n\n<ul class=\"wp-block-list\">\n<li>2 Locations (z. B. Park + Innenstadt \/ Caf\u00e9 + Outdoor)<\/li>\n\n\n\n<li>25 professionell bearbeitete Fotos (high-resolution)<\/li>\n\n\n\n<li>2 Outfitwechsel<\/li>\n\n\n\n<li>Basic Retusche &amp; Farbkorrektur<\/li>\n\n\n\n<li>Digitale Galerie + Downloadlink<br><strong>Preis:<\/strong>&nbsp;<strong>\u20ac250 \u2013 \u20ac300<\/strong><br><strong>Zusatzoptionen:<\/strong><\/li>\n\n\n\n<li>+40 \u20ac f\u00fcr jede weitere 10 bearbeitete Fotos<\/li>\n\n\n\n<li>+60 \u20ac f\u00fcr Blitz-\/Licht-Setup on-location<\/li>\n<\/ul>\n\n\n\n<hr class=\"wp-block-separator has-alpha-channel-opacity\"\/>\n\n\n\n<h4 class=\"wp-block-heading\">Paket 3 \u2013&nbsp;<em>\u201eValentine\u2019s Deluxe\u201c<\/em>&nbsp;(Premium-Erlebnis)<\/h4>\n\n\n\n<p><strong>Dauer:<\/strong>&nbsp;90 Minuten \u2013 120 Minuten<br><strong>Inhalt:<\/strong><\/p>\n\n\n\n<ul class=\"wp-block-list\">\n<li>3 Locations nach Wunsch (Indoor\/Outdoor)<\/li>\n\n\n\n<li>Min. 40 professionell bearbeitete Fotos<\/li>\n\n\n\n<li>3 Outfitwechsel<\/li>\n\n\n\n<li>Premium-Retusche (Haut, Farben, k\u00fcnstlerischer Look)<\/li>\n\n\n\n<li>Online Galerie + Option f\u00fcr Fotobuch oder Fine Art Prints<\/li>\n\n\n\n<li>1 Fine-Art-Print 20\u00d730 cm inklusive<br><strong>Preis:<\/strong>&nbsp;<strong>\u20ac450 \u2013 \u20ac550<\/strong><br><strong>Bonus-Optionen:<\/strong><\/li>\n\n\n\n<li>+\u20ac75 pro Printpaket (z. B. 5 Fine-Art-Prints)<\/li>\n\n\n\n<li>+\u20ac80 f\u00fcr k\u00fcnstlerische Schwarz-Wei\u00df-Bearbeitung aller Bilder <\/li>\n<\/ul>\n\n\n\n<hr class=\"wp-block-separator has-alpha-channel-opacity\"\/>\n\n\n\n<p><a href=\"http:\/\/photography.scheiker.de\/?page_id=16\" target=\"\" rel=\"noopener noreferrer\">Hier geht es zur Buchung<\/a><\/p>\n\n\n\n<p>Diese Preisliste hat eine G\u00fcltigkeit bis zum 13.02.2026. Die Aktion endet an diesem Tag.<br>Es gelten die allgemeinen <a href=\"https:\/\/photography.scheiker.de\/?page_id=268\" data-type=\"page\" data-id=\"268\">AGB<\/a> und die <a href=\"https:\/\/photography.scheiker.de\/?page_id=950\" data-type=\"page\" data-id=\"950\">Aktions AGB<\/a>.<\/p>\n","protected":false},"excerpt":{"rendered":"<p>Aktion nur bis zum 13.02.2026 &#8222;Valentines Deluxe&#8220; Paket 1 \u2013&nbsp;\u201eSweet Moments\u201c&nbsp;(Einsteigerpaket) Dauer:&nbsp;30 MinutenInhalt: Paket 2 \u2013&nbsp;\u201eRomance Story\u201c&nbsp;(Standardpaket) Dauer:&nbsp;60 MinutenInhalt: Paket 3 \u2013&nbsp;\u201eValentine\u2019s Deluxe\u201c&nbsp;(Premium-Erlebnis) Dauer:&nbsp;90 Minuten \u2013 120 MinutenInhalt: Hier geht es zur Buchung Diese Preisliste hat eine G\u00fcltigkeit bis zum 13.02.2026. Die Aktion endet an [&hellip;]<\/p>\n","protected":false},"author":1,"featured_media":0,"parent":0,"menu_order":0,"comment_status":"closed","ping_status":"closed","template":"","meta":{"footnotes":""},"class_list":["post-909","page","type-page","status-publish","hentry"],"_links":{"self":[{"href":"https:\/\/photography.scheiker.de\/index.php?rest_route=\/wp\/v2\/pages\/909","targetHints":{"allow":["GET"]}}],"collection":[{"href":"https:\/\/photography.scheiker.de\/index.php?rest_route=\/wp\/v2\/pages"}],"about":[{"href":"https:\/\/photography.scheiker.de\/index.php?rest_route=\/wp\/v2\/types\/page"}],"author":[{"embeddable":true,"href":"https:\/\/photography.scheiker.de\/index.php?rest_route=\/wp\/v2\/users\/1"}],"replies":[{"embeddable":true,"href":"https:\/\/photography.scheiker.de\/index.php?rest_route=%2Fwp%2Fv2%2Fcomments&post=909"}],"version-history":[{"count":9,"href":"https:\/\/photography.scheiker.de\/index.php?rest_route=\/wp\/v2\/pages\/909\/revisions"}],"predecessor-version":[{"id":953,"href":"https:\/\/photography.scheiker.de\/index.php?rest_route=\/wp\/v2\/pages\/909\/revisions\/953"}],"wp:attachment":[{"href":"https:\/\/photography.scheiker.de\/index.php?rest_route=%2Fwp%2Fv2%2Fmedia&parent=909"}],"curies":[{"name":"wp","href":"https:\/\/api.w.org\/{rel}","templated":true}]}}